{"id":8,"date":"2023-09-15T14:45:26","date_gmt":"2023-09-15T14:45:26","guid":{"rendered":"http:\/\/mikaben.com\/?page_id=8"},"modified":"2024-10-10T14:30:53","modified_gmt":"2024-10-10T14:30:53","slug":"accueil","status":"publish","type":"page","link":"https:\/\/mikaben.com\/en\/","title":{"rendered":"Accueil"},"content":{"rendered":"<div data-elementor-type=\"wp-post\" data-elementor-id=\"8\" class=\"elementor elementor-8\">\n\t\t\t\t\t\t<section class=\"elementor-section elementor-top-section elementor-element elementor-element-cc3fca8 elementor-section-stretched elementor-section-boxed elementor-section-height-default elementor-section-height-default\" data-id=\"cc3fca8\" data-element_type=\"section\" data-e-type=\"section\" data-settings=\"{&quot;background_background&quot;:&quot;classic&quot;,&quot;stretch_section&quot;:&quot;section-stretched&quot;}\">\n\t\t\t\t\t\t\t<div class=\"elementor-background-overlay\"><\/div>\n\t\t\t\t\t\t\t<div class=\"elementor-container elementor-column-gap-default\">\n\t\t\t\t\t<div class=\"elementor-column elementor-col-100 elementor-top-column elementor-element elementor-element-252b43dc\" data-id=\"252b43dc\" data-element_type=\"column\" data-e-type=\"column\">\n\t\t\t<div class=\"elementor-widget-wrap elementor-element-populated\">\n\t\t\t\t\t\t<div class=\"elementor-element elementor-element-8cc0d9d elementor-widget elementor-widget-image\" data-id=\"8cc0d9d\" data-element_type=\"widget\" data-e-type=\"widget\" data-widget_type=\"image.default\">\n\t\t\t\t<div class=\"elementor-widget-container\">\n\t\t\t\t\t\t\t\t\t\t\t\t\t\t\t<img fetchpriority=\"high\" decoding=\"async\" width=\"1920\" height=\"1080\" src=\"https:\/\/mikaben.com\/wp-content\/uploads\/2024\/10\/MIKABEN-GENERAL-FLYER_1920_animation-copia.jpg\" class=\"attachment-full size-full wp-image-365\" alt=\"\" srcset=\"https:\/\/mikaben.com\/wp-content\/uploads\/2024\/10\/MIKABEN-GENERAL-FLYER_1920_animation-copia.jpg 1920w, https:\/\/mikaben.com\/wp-content\/uploads\/2024\/10\/MIKABEN-GENERAL-FLYER_1920_animation-copia-300x169.jpg 300w, https:\/\/mikaben.com\/wp-content\/uploads\/2024\/10\/MIKABEN-GENERAL-FLYER_1920_animation-copia-1024x576.jpg 1024w, https:\/\/mikaben.com\/wp-content\/uploads\/2024\/10\/MIKABEN-GENERAL-FLYER_1920_animation-copia-768x432.jpg 768w, https:\/\/mikaben.com\/wp-content\/uploads\/2024\/10\/MIKABEN-GENERAL-FLYER_1920_animation-copia-1536x864.jpg 1536w, https:\/\/mikaben.com\/wp-content\/uploads\/2024\/10\/MIKABEN-GENERAL-FLYER_1920_animation-copia-18x10.jpg 18w\" sizes=\"(max-width: 1920px) 100vw, 1920px\" \/>\t\t\t\t\t\t\t\t\t\t\t\t\t\t\t<\/div>\n\t\t\t\t<\/div>\n\t\t\t\t<div class=\"elementor-element elementor-element-f6cca18 elementor-widget-divider--view-line elementor-widget elementor-widget-divider\" data-id=\"f6cca18\" data-element_type=\"widget\" data-e-type=\"widget\" data-widget_type=\"divider.default\">\n\t\t\t\t<div class=\"elementor-widget-container\">\n\t\t\t\t\t\t\t<div class=\"elementor-divider\">\n\t\t\t<span class=\"elementor-divider-separator\">\n\t\t\t\t\t\t<\/span>\n\t\t<\/div>\n\t\t\t\t\t\t<\/div>\n\t\t\t\t<\/div>\n\t\t\t\t\t<\/div>\n\t\t<\/div>\n\t\t\t\t\t<\/div>\n\t\t<\/section>\n\t\t\t\t<section class=\"elementor-section elementor-top-section elementor-element elementor-element-fffd8f1 elementor-section-stretched elementor-section-boxed elementor-section-height-default elementor-section-height-default\" data-id=\"fffd8f1\" data-element_type=\"section\" data-e-type=\"section\" data-settings=\"{&quot;background_background&quot;:&quot;classic&quot;,&quot;stretch_section&quot;:&quot;section-stretched&quot;}\">\n\t\t\t\t\t\t\t<div class=\"elementor-background-overlay\"><\/div>\n\t\t\t\t\t\t\t<div class=\"elementor-container elementor-column-gap-default\">\n\t\t\t\t\t<div class=\"elementor-column elementor-col-100 elementor-top-column elementor-element elementor-element-d2d0f0e\" data-id=\"d2d0f0e\" data-element_type=\"column\" data-e-type=\"column\">\n\t\t\t<div class=\"elementor-widget-wrap elementor-element-populated\">\n\t\t\t\t\t\t<div class=\"elementor-element elementor-element-66a8429 elementor-widget elementor-widget-video\" data-id=\"66a8429\" data-element_type=\"widget\" data-e-type=\"widget\" data-settings=\"{&quot;youtube_url&quot;:&quot;https:\\\/\\\/www.youtube.com\\\/watch?v=3O0QZkoMq8o&quot;,&quot;mute&quot;:&quot;yes&quot;,&quot;video_type&quot;:&quot;youtube&quot;,&quot;controls&quot;:&quot;yes&quot;}\" data-widget_type=\"video.default\">\n\t\t\t\t<div class=\"elementor-widget-container\">\n\t\t\t\t\t\t\t<div class=\"elementor-wrapper elementor-open-inline\">\n\t\t\t<div class=\"elementor-video\"><\/div>\t\t<\/div>\n\t\t\t\t\t\t<\/div>\n\t\t\t\t<\/div>\n\t\t\t\t<div class=\"elementor-element elementor-element-567c5fc elementor-align-center elementor-invisible elementor-widget elementor-widget-button\" data-id=\"567c5fc\" data-element_type=\"widget\" data-e-type=\"widget\" data-settings=\"{&quot;_animation&quot;:&quot;fadeInUp&quot;}\" data-widget_type=\"button.default\">\n\t\t\t\t<div class=\"elementor-widget-container\">\n\t\t\t\t\t\t\t\t\t<div class=\"elementor-button-wrapper\">\n\t\t\t\t\t<a class=\"elementor-button elementor-button-link elementor-size-sm\" href=\"https:\/\/music.apple.com\/us\/album\/an-n-chante-pou-ayiti-single\/1738657948\">\n\t\t\t\t\t\t<span class=\"elementor-button-content-wrapper\">\n\t\t\t\t\t\t\t\t\t<span class=\"elementor-button-text\">\u00c9coutez maintenant<\/span>\n\t\t\t\t\t<\/span>\n\t\t\t\t\t<\/a>\n\t\t\t\t<\/div>\n\t\t\t\t\t\t\t\t<\/div>\n\t\t\t\t<\/div>\n\t\t\t\t<div class=\"elementor-element elementor-element-e04919a elementor-shape-square elementor-grid-0 e-grid-align-center elementor-widget elementor-widget-social-icons\" data-id=\"e04919a\" data-element_type=\"widget\" data-e-type=\"widget\" data-widget_type=\"social-icons.default\">\n\t\t\t\t<div class=\"elementor-widget-container\">\n\t\t\t\t\t\t\t<div class=\"elementor-social-icons-wrapper elementor-grid\" role=\"list\">\n\t\t\t\t\t\t\t<span class=\"elementor-grid-item\" role=\"listitem\">\n\t\t\t\t\t<a class=\"elementor-icon elementor-social-icon elementor-social-icon-spotify elementor-repeater-item-e401d4c\" href=\"https:\/\/open.spotify.com\/album\/2DxBQw9HkedhWlbcpUezxd\" target=\"_blank\">\n\t\t\t\t\t\t<span class=\"elementor-screen-only\">Spotify<\/span>\n\t\t\t\t\t\t<i aria-hidden=\"true\" class=\"fab fa-spotify\"><\/i>\t\t\t\t\t<\/a>\n\t\t\t\t<\/span>\n\t\t\t\t\t\t\t<span class=\"elementor-grid-item\" role=\"listitem\">\n\t\t\t\t\t<a class=\"elementor-icon elementor-social-icon elementor-social-icon-apple elementor-repeater-item-ca9d00a\" href=\"https:\/\/music.apple.com\/us\/album\/an-n-chante-pou-ayiti-single\/1738657948\" target=\"_blank\">\n\t\t\t\t\t\t<span class=\"elementor-screen-only\">Apple<\/span>\n\t\t\t\t\t\t<i aria-hidden=\"true\" class=\"fab fa-apple\"><\/i>\t\t\t\t\t<\/a>\n\t\t\t\t<\/span>\n\t\t\t\t\t\t\t<span class=\"elementor-grid-item\" role=\"listitem\">\n\t\t\t\t\t<a class=\"elementor-icon elementor-social-icon elementor-social-icon-youtube elementor-repeater-item-6f1382d\" href=\"https:\/\/www.youtube.com\/watch?v=3O0QZkoMq8o\" target=\"_blank\">\n\t\t\t\t\t\t<span class=\"elementor-screen-only\">Youtube<\/span>\n\t\t\t\t\t\t<i aria-hidden=\"true\" class=\"fab fa-youtube\"><\/i>\t\t\t\t\t<\/a>\n\t\t\t\t<\/span>\n\t\t\t\t\t<\/div>\n\t\t\t\t\t\t<\/div>\n\t\t\t\t<\/div>\n\t\t\t\t<div class=\"elementor-element elementor-element-f3af848 elementor-widget elementor-widget-heading\" data-id=\"f3af848\" data-element_type=\"widget\" data-e-type=\"widget\" data-widget_type=\"heading.default\">\n\t\t\t\t<div class=\"elementor-widget-container\">\n\t\t\t\t\t<h3 class=\"elementor-heading-title elementor-size-default\">With Haiti currently facing a significant political crisis, this song carries profound significance and aims to inspire positive change and unity among Haitians.<\/h3>\t\t\t\t<\/div>\n\t\t\t\t<\/div>\n\t\t\t\t<div class=\"elementor-element elementor-element-3cce985 elementor-widget-divider--view-line elementor-widget elementor-widget-divider\" data-id=\"3cce985\" data-element_type=\"widget\" data-e-type=\"widget\" data-widget_type=\"divider.default\">\n\t\t\t\t<div class=\"elementor-widget-container\">\n\t\t\t\t\t\t\t<div class=\"elementor-divider\">\n\t\t\t<span class=\"elementor-divider-separator\">\n\t\t\t\t\t\t<\/span>\n\t\t<\/div>\n\t\t\t\t\t\t<\/div>\n\t\t\t\t<\/div>\n\t\t\t\t<div class=\"elementor-element elementor-element-1924e7a elementor-widget elementor-widget-toggle\" data-id=\"1924e7a\" data-element_type=\"widget\" data-e-type=\"widget\" data-widget_type=\"toggle.default\">\n\t\t\t\t<div class=\"elementor-widget-container\">\n\t\t\t\t\t\t\t<div class=\"elementor-toggle\">\n\t\t\t\t\t\t\t<div class=\"elementor-toggle-item\">\n\t\t\t\t\t<div id=\"elementor-tab-title-2631\" class=\"elementor-tab-title\" data-tab=\"1\" role=\"button\" aria-controls=\"elementor-tab-content-2631\" aria-expanded=\"false\">\n\t\t\t\t\t\t\t\t\t\t\t\t<span class=\"elementor-toggle-icon elementor-toggle-icon-left\" aria-hidden=\"true\">\n\t\t\t\t\t\t\t\t\t\t\t\t\t\t\t<span class=\"elementor-toggle-icon-closed\"><i class=\"fas fa-caret-right\"><\/i><\/span>\n\t\t\t\t\t\t\t\t<span class=\"elementor-toggle-icon-opened\"><i class=\"elementor-toggle-icon-opened fas fa-caret-up\"><\/i><\/span>\n\t\t\t\t\t\t\t\t\t\t\t\t\t<\/span>\n\t\t\t\t\t\t\t\t\t\t\t\t<a class=\"elementor-toggle-title\" tabindex=\"0\">An n Chante Pou Ayiti - Lyrics<\/a>\n\t\t\t\t\t<\/div>\n\n\t\t\t\t\t<div id=\"elementor-tab-content-2631\" class=\"elementor-tab-content elementor-clearfix\" data-tab=\"1\" role=\"region\" aria-labelledby=\"elementor-tab-title-2631\">Jodi a nou la f\u00f2 nou konprann poukisa<br>Ki er\u00e8 n te f\u00e8 ki koz n ap pase miz\u00e8<br>Gen tw\u00f2 lontan yap bann manti<br>Li l\u00e8 pou nou leve kanpe<br>Pou n di yo Ayiti pa pou yo<br><br>Mwen swete n al ch\u00e8che verite konn kiy\u00e8s nou ye<br>Mwen swete n pran konsyans rich\u00e8s nou pou n pa gaspiye <br>Mwen swete ke nou pa pran kilti nou voye l jete <br>Pa tonbe nan tanpri souple<br>F\u00f2 nou pa mache t\u00e8t bese<br>An n ale<br><br>An n chante pou Ayiti cheri<br>An n priye pou li sispann soufri<br>An n chante pou la &#8220;Perle des Antilles&#8221;<br>Peyi m s\u2019on paradi<br><br>Peyi m s on m\u00e8v\u00e8y <br>Kap fleri anba sol\u00e8y<br>Nou make listwa Se nou pi premye p\u00e8p nwa <br>Ch\u00e8che konnen kote n soti l\u00e8 sa n a konnen kote n prale<br>Sepandan atansyon tantasyon ka f\u00e8 t\u00e8t nou vire<br>Mwen swete n pa kite politik f\u00e8 nou divize<br>Mwen swete n pran konsyans ke n&#8217; se on p\u00e8p ki sivilize<br>Mwen swete n pa kite letranje vinn kolonize n <br>Ayiti se pou nou li ye<br>Se eritaj zans\u00e8t nou kite<br>F\u00f2 n sonje<br><br>An n chante pou Ayiti cheri<br>An n priye pou li sispann soufri<br>An n chante pou la &#8220;Perle des Antilles&#8221;<br>Peyi m s on paradi<br>An n chante pou Ayiti cheri<br>An n priye pou li sispann soufri<br>An n chante pou la &#8220;Perle des Antilles&#8221;<br>Peyi m s on paradi <br><br>Peyi m s on paradi<\/div>\n\t\t\t\t<\/div>\n\t\t\t\t\t\t\t\t<\/div>\n\t\t\t\t\t\t<\/div>\n\t\t\t\t<\/div>\n\t\t\t\t\t<\/div>\n\t\t<\/div>\n\t\t\t\t\t<\/div>\n\t\t<\/section>\n\t\t\t\t<\/div>","protected":false},"excerpt":{"rendered":"<p>listen now Spotify Apple Youtube Alors qu&#8217;Ha\u00efti traverse actuellement une crise politique significative, cette musique rev\u00eat une profonde importance et vise \u00e0 inspirer un changement positif et l&#8217;unit\u00e9 parmi les Ha\u00eftiens. An n Chante Pou Ayiti &#8211; TEXTE Jodi a nou la f\u00f2 nou konprann poukisaKi er\u00e8 n te f\u00e8 ki koz n ap pase&hellip;&nbsp;<a href=\"https:\/\/mikaben.com\/en\/\" rel=\"bookmark\">Read More &raquo;<span class=\"screen-reader-text\">Accueil<\/span><\/a><\/p>","protected":false},"author":1,"featured_media":0,"parent":0,"menu_order":0,"comment_status":"closed","ping_status":"closed","template":"elementor_header_footer","meta":{"nf_dc_page":"","om_disable_all_campaigns":false,"neve_meta_sidebar":"","neve_meta_container":"","neve_meta_enable_content_width":"","neve_meta_content_width":0,"neve_meta_title_alignment":"","neve_meta_author_avatar":"","neve_post_elements_order":"","neve_meta_disable_header":"","neve_meta_disable_footer":"","neve_meta_disable_title":"","footnotes":""},"class_list":["post-8","page","type-page","status-publish","hentry"],"yoast_head":"<!-- This site is optimized with the Yoast SEO plugin v27.4 - https:\/\/yoast.com\/product\/yoast-seo-wordpress\/ -->\n<title>Accueil - MKBN<\/title>\n<meta name=\"description\" content=\"MKBN - Rendre un hommage m\u00e9rit\u00e9 \u00e0 Mikaben | Travailler \u00e0 perp\u00e9tuer sa m\u00e9moire et sa vision d Ha\u00efti &quot;Music is a piece of art that goes in the ears straight to the heart&quot; .\" \/>\n<meta name=\"robots\" content=\"index, follow, max-snippet:-1, max-image-preview:large, max-video-preview:-1\" \/>\n<link rel=\"canonical\" href=\"https:\/\/mikaben.com\/en\/\" \/>\n<meta property=\"og:locale\" content=\"en_US\" \/>\n<meta property=\"og:type\" content=\"article\" \/>\n<meta property=\"og:title\" content=\"Accueil - MKBN\" \/>\n<meta property=\"og:description\" content=\"MKBN - Rendre un hommage m\u00e9rit\u00e9 \u00e0 Mikaben | Travailler \u00e0 perp\u00e9tuer sa m\u00e9moire et sa vision d Ha\u00efti &quot;Music is a piece of art that goes in the ears straight to the heart&quot; .\" \/>\n<meta property=\"og:url\" content=\"https:\/\/mikaben.com\/en\/\" \/>\n<meta property=\"og:site_name\" content=\"MKBN\" \/>\n<meta property=\"article:modified_time\" content=\"2024-10-10T14:30:53+00:00\" \/>\n<meta property=\"og:image\" content=\"https:\/\/mikaben.com\/wp-content\/uploads\/2024\/10\/MIKABEN-GENERAL-FLYER_1920_animation-copia.jpg\" \/>\n\t<meta property=\"og:image:width\" content=\"1920\" \/>\n\t<meta property=\"og:image:height\" content=\"1080\" \/>\n\t<meta property=\"og:image:type\" content=\"image\/jpeg\" \/>\n<meta name=\"twitter:card\" content=\"summary_large_image\" \/>\n<meta name=\"twitter:label1\" content=\"Est. reading time\" \/>\n\t<meta name=\"twitter:data1\" content=\"2 minutes\" \/>\n<script type=\"application\/ld+json\" class=\"yoast-schema-graph\">{\"@context\":\"https:\\\/\\\/schema.org\",\"@graph\":[{\"@type\":\"WebPage\",\"@id\":\"https:\\\/\\\/mikaben.com\\\/\",\"url\":\"https:\\\/\\\/mikaben.com\\\/\",\"name\":\"Accueil - MKBN\",\"isPartOf\":{\"@id\":\"https:\\\/\\\/mikaben.com\\\/#website\"},\"primaryImageOfPage\":{\"@id\":\"https:\\\/\\\/mikaben.com\\\/#primaryimage\"},\"image\":{\"@id\":\"https:\\\/\\\/mikaben.com\\\/#primaryimage\"},\"thumbnailUrl\":\"https:\\\/\\\/mikaben.com\\\/wp-content\\\/uploads\\\/2024\\\/10\\\/MIKABEN-GENERAL-FLYER_1920_animation-copia.jpg\",\"datePublished\":\"2023-09-15T14:45:26+00:00\",\"dateModified\":\"2024-10-10T14:30:53+00:00\",\"description\":\"MKBN - Rendre un hommage m\u00e9rit\u00e9 \u00e0 Mikaben | Travailler \u00e0 perp\u00e9tuer sa m\u00e9moire et sa vision d Ha\u00efti \\\"Music is a piece of art that goes in the ears straight to the heart\\\" .\",\"breadcrumb\":{\"@id\":\"https:\\\/\\\/mikaben.com\\\/#breadcrumb\"},\"inLanguage\":\"en-US\",\"potentialAction\":[{\"@type\":\"ReadAction\",\"target\":[\"https:\\\/\\\/mikaben.com\\\/\"]}]},{\"@type\":\"ImageObject\",\"inLanguage\":\"en-US\",\"@id\":\"https:\\\/\\\/mikaben.com\\\/#primaryimage\",\"url\":\"https:\\\/\\\/mikaben.com\\\/wp-content\\\/uploads\\\/2024\\\/10\\\/MIKABEN-GENERAL-FLYER_1920_animation-copia.jpg\",\"contentUrl\":\"https:\\\/\\\/mikaben.com\\\/wp-content\\\/uploads\\\/2024\\\/10\\\/MIKABEN-GENERAL-FLYER_1920_animation-copia.jpg\"},{\"@type\":\"BreadcrumbList\",\"@id\":\"https:\\\/\\\/mikaben.com\\\/#breadcrumb\",\"itemListElement\":[{\"@type\":\"ListItem\",\"position\":1,\"name\":\"Home\",\"item\":\"https:\\\/\\\/mikaben.com\\\/\"},{\"@type\":\"ListItem\",\"position\":2,\"name\":\"Accueil\"}]},{\"@type\":\"WebSite\",\"@id\":\"https:\\\/\\\/mikaben.com\\\/#website\",\"url\":\"https:\\\/\\\/mikaben.com\\\/\",\"name\":\"MKBN\",\"description\":\"MKBN-Legacy\",\"potentialAction\":[{\"@type\":\"SearchAction\",\"target\":{\"@type\":\"EntryPoint\",\"urlTemplate\":\"https:\\\/\\\/mikaben.com\\\/?s={search_term_string}\"},\"query-input\":{\"@type\":\"PropertyValueSpecification\",\"valueRequired\":true,\"valueName\":\"search_term_string\"}}],\"inLanguage\":\"en-US\"}]}<\/script>\n<!-- \/ Yoast SEO plugin. -->","yoast_head_json":{"title":"Accueil - MKBN","description":"MKBN - Rendre un hommage m\u00e9rit\u00e9 \u00e0 Mikaben | Travailler \u00e0 perp\u00e9tuer sa m\u00e9moire et sa vision d Ha\u00efti \"Music is a piece of art that goes in the ears straight to the heart\" .","robots":{"index":"index","follow":"follow","max-snippet":"max-snippet:-1","max-image-preview":"max-image-preview:large","max-video-preview":"max-video-preview:-1"},"canonical":"https:\/\/mikaben.com\/en\/","og_locale":"en_US","og_type":"article","og_title":"Accueil - MKBN","og_description":"MKBN - Rendre un hommage m\u00e9rit\u00e9 \u00e0 Mikaben | Travailler \u00e0 perp\u00e9tuer sa m\u00e9moire et sa vision d Ha\u00efti \"Music is a piece of art that goes in the ears straight to the heart\" .","og_url":"https:\/\/mikaben.com\/en\/","og_site_name":"MKBN","article_modified_time":"2024-10-10T14:30:53+00:00","og_image":[{"width":1920,"height":1080,"url":"https:\/\/mikaben.com\/wp-content\/uploads\/2024\/10\/MIKABEN-GENERAL-FLYER_1920_animation-copia.jpg","type":"image\/jpeg"}],"twitter_card":"summary_large_image","twitter_misc":{"Est. reading time":"2 minutes"},"schema":{"@context":"https:\/\/schema.org","@graph":[{"@type":"WebPage","@id":"https:\/\/mikaben.com\/","url":"https:\/\/mikaben.com\/","name":"Accueil - MKBN","isPartOf":{"@id":"https:\/\/mikaben.com\/#website"},"primaryImageOfPage":{"@id":"https:\/\/mikaben.com\/#primaryimage"},"image":{"@id":"https:\/\/mikaben.com\/#primaryimage"},"thumbnailUrl":"https:\/\/mikaben.com\/wp-content\/uploads\/2024\/10\/MIKABEN-GENERAL-FLYER_1920_animation-copia.jpg","datePublished":"2023-09-15T14:45:26+00:00","dateModified":"2024-10-10T14:30:53+00:00","description":"MKBN - Rendre un hommage m\u00e9rit\u00e9 \u00e0 Mikaben | Travailler \u00e0 perp\u00e9tuer sa m\u00e9moire et sa vision d Ha\u00efti \"Music is a piece of art that goes in the ears straight to the heart\" .","breadcrumb":{"@id":"https:\/\/mikaben.com\/#breadcrumb"},"inLanguage":"en-US","potentialAction":[{"@type":"ReadAction","target":["https:\/\/mikaben.com\/"]}]},{"@type":"ImageObject","inLanguage":"en-US","@id":"https:\/\/mikaben.com\/#primaryimage","url":"https:\/\/mikaben.com\/wp-content\/uploads\/2024\/10\/MIKABEN-GENERAL-FLYER_1920_animation-copia.jpg","contentUrl":"https:\/\/mikaben.com\/wp-content\/uploads\/2024\/10\/MIKABEN-GENERAL-FLYER_1920_animation-copia.jpg"},{"@type":"BreadcrumbList","@id":"https:\/\/mikaben.com\/#breadcrumb","itemListElement":[{"@type":"ListItem","position":1,"name":"Home","item":"https:\/\/mikaben.com\/"},{"@type":"ListItem","position":2,"name":"Accueil"}]},{"@type":"WebSite","@id":"https:\/\/mikaben.com\/#website","url":"https:\/\/mikaben.com\/","name":"MKBN","description":"MKBN-Legacy","potentialAction":[{"@type":"SearchAction","target":{"@type":"EntryPoint","urlTemplate":"https:\/\/mikaben.com\/?s={search_term_string}"},"query-input":{"@type":"PropertyValueSpecification","valueRequired":true,"valueName":"search_term_string"}}],"inLanguage":"en-US"}]}},"_links":{"self":[{"href":"https:\/\/mikaben.com\/en\/wp-json\/wp\/v2\/pages\/8","targetHints":{"allow":["GET"]}}],"collection":[{"href":"https:\/\/mikaben.com\/en\/wp-json\/wp\/v2\/pages"}],"about":[{"href":"https:\/\/mikaben.com\/en\/wp-json\/wp\/v2\/types\/page"}],"author":[{"embeddable":true,"href":"https:\/\/mikaben.com\/en\/wp-json\/wp\/v2\/users\/1"}],"replies":[{"embeddable":true,"href":"https:\/\/mikaben.com\/en\/wp-json\/wp\/v2\/comments?post=8"}],"version-history":[{"count":5,"href":"https:\/\/mikaben.com\/en\/wp-json\/wp\/v2\/pages\/8\/revisions"}],"predecessor-version":[{"id":372,"href":"https:\/\/mikaben.com\/en\/wp-json\/wp\/v2\/pages\/8\/revisions\/372"}],"wp:attachment":[{"href":"https:\/\/mikaben.com\/en\/wp-json\/wp\/v2\/media?parent=8"}],"curies":[{"name":"wp","href":"https:\/\/api.w.org\/{rel}","templated":true}]}}